{"id":502,"date":"2026-03-12T19:35:48","date_gmt":"2026-03-12T19:35:48","guid":{"rendered":"https:\/\/rennsport-fotos.de\/?page_id=502"},"modified":"2026-04-05T07:35:05","modified_gmt":"2026-04-05T07:35:05","slug":"blog-stockcar-und-ovalracing","status":"publish","type":"page","link":"https:\/\/rennsport-fotos.de\/?page_id=502","title":{"rendered":"Blog &#8211; Stockcar und Ovalracing"},"content":{"rendered":"\n<h2 class=\"wp-block-heading\">Stockcar und Ovalracing &#8211; warum es so faszinierend ist<\/h2>\n\n\n\n<figure class=\"wp-block-image size-full\"><img loading=\"lazy\" decoding=\"async\" width=\"1000\" height=\"666\" src=\"https:\/\/rennsport-fotos.de\/wp-content\/uploads\/2026\/03\/1N7A1499-20250629.jpg\" alt=\"\" class=\"wp-image-574\" srcset=\"https:\/\/rennsport-fotos.de\/wp-content\/uploads\/2026\/03\/1N7A1499-20250629.jpg 1000w, https:\/\/rennsport-fotos.de\/wp-content\/uploads\/2026\/03\/1N7A1499-20250629-300x200.jpg 300w, https:\/\/rennsport-fotos.de\/wp-content\/uploads\/2026\/03\/1N7A1499-20250629-768x511.jpg 768w\" sizes=\"auto, (max-width: 767px) 89vw, (max-width: 1000px) 54vw, (max-width: 1071px) 543px, 580px\" \/><\/figure>\n\n\n\n<p>Mein ganzes Leben habe ich mich f\u00fcr Motorsport interessiert. Erst ziemlich sp\u00e4t kam die Faszination Stockcar und Ovalracing hinzu. Es fing f\u00fcr mich ganz banal an. Mein Freund Fred schenkte mir im Dezember 2022 ein Automodell &#8211; einen 73er NASCAR Dodge Charger mit der Nummer 43 von Richard Petty im Ma\u00dfstab 1:16. Mit dem Modell auf dem Sideboard vor meinem Schreibtisch &#8211; wo es auch heute noch steht &#8211; hat alles begonnen. Aus einem Modell wurde im Laufe der Zeit eine ganze Sammlung , Es reifte auch der Wunsch, diese dicken V8 Boliden einmal live in einem Oval zu erleben.<\/p>\n\n\n\n<figure class=\"wp-block-image size-full\"><img loading=\"lazy\" decoding=\"async\" width=\"1000\" height=\"565\" src=\"https:\/\/rennsport-fotos.de\/wp-content\/uploads\/2026\/03\/IMG_2732-1.jpeg\" alt=\"\" class=\"wp-image-576\" srcset=\"https:\/\/rennsport-fotos.de\/wp-content\/uploads\/2026\/03\/IMG_2732-1.jpeg 1000w, https:\/\/rennsport-fotos.de\/wp-content\/uploads\/2026\/03\/IMG_2732-1-300x170.jpeg 300w, https:\/\/rennsport-fotos.de\/wp-content\/uploads\/2026\/03\/IMG_2732-1-768x434.jpeg 768w\" sizes=\"auto, (max-width: 767px) 89vw, (max-width: 1000px) 54vw, (max-width: 1071px) 543px, 580px\" \/><figcaption class=\"wp-element-caption\">&#8222;Corpus Delicti&#8220; f\u00fcr meine Faszination &#8222;Stockcar und Ovalracing&#8220; Dodge Charger im Ma\u00dfstab 1:16 vom Hersteller MPC<\/figcaption><\/figure>\n\n\n\n<p><br>Nach unz\u00e4hligen Videos aus dem Netz und vielen Silberscheiben aus der NASCAR Welt bin ich dann durch Zufall darauf gesto\u00dfen, dass in Venray in den Niederlanden ein Ovalkurs existiert, auf dem auch V8 Renner durch das Oval rasen. Das war ein gutes Jahr sp\u00e4ter im Fr\u00fchjahr 2024. <br><br>Whelen &#8211; also Euro NASCAR war angesagt. So pilgerte ich erstmals im Juni 2022 nach Venray zum Raceway. Stockcar-Rennen live ist etwas v\u00f6llig Anderes als es per Video zu sehen. Wenn man es live und in Farbe erlebt, kann es Suchtfaktor haben. Im Juni 2022 war die Euro NASCAR Serie leider vorerst letztmalig auf dem Raceway in Venray zu Gast. Es gibt dort eine Alternative. Die V8 Oval Serie, welche genauso viel Spa\u00df macht.<br><br>Neben den dicken V8 Boliden waren in Venray aber auch viele andere Klassen am Start, die dann im kleinen 400 Meter Oval im Innenraum f\u00fcr ein tosendes Spektakel sorgten.<br>Auf der kleinen Runde war noch mehr los als im gro\u00dfen Oval. Es gab \u00fcber das ganze Rennen so viele packende Zweik\u00e4mpfe, wie man es kaum noch aus anderen Motorsport-Disziplinen kennt. Die vielen Fights sind auf das Reglement zur\u00fcck zu f\u00fchren, denn die Schnellen starten hinten und pfl\u00fcgen sich durch das Feld. Wer vorne nicht schnell genug ist, muss entweder schneller fahren oder Platz machen. Macht er beides nicht, wird er vom schnelleren Hintermann auf der Piste erlegt. Es geht schon etwas rauher zu. Man hat jedoch nie das Gef\u00fchl, dass es unfair ist. Der Fahrstil ist hart aber herzlich. Das Besondere an diesem Sport ist auch, dass man als Fan noch mittendrin ist. Man kommt ins Fahrerlager und ist hautnah dabei.<br><br>Egal ob gro\u00dfes Oval oder das Kleine &#8211; als Zuschauer hat man eine gute \u00dcbersicht, wenn alle im Kreis die schnellen Runden drehen. Wer der Meinung ist, es sei kein echter Motorsport, wenn man einfach nur im Oval herum f\u00e4hrt, sollte sich diese Disziplin einmal live anschauen. Das sind wahre K\u00f6nner am Steuer. Ein guter Rundstreckenpilot w\u00fcrde als Rookie vorne ins Rennen gehen und dann rundenweise nach hinten durchgereicht werden. Es gab in der Vergangenheit einige Motorsport-Gr\u00f6\u00dfen, die sich vergeblich um Erfolg in den Ovalen bem\u00fcht haben. Das ist eine andere Welt und genauso herausfordernd wie eine normale Rundstrecke &#8211; nur eben anders. Zur\u00fcck zur Betrachtung als Zuschauer. Man ist immer im Bilde, weil man die Rennstrecke \u00fcbersehen kann. In der Mitte vom Oval ist eine gro\u00dfe Anzeige, die den Rennstand anzeigt. Das ist hilfreich, falls man die \u00dcbersicht verlieren sollte. Die Rennen sind kurz, daf\u00fcr gibt es in jeder Klasse mehrere Rennen an einem Renntag und die Rennklassen wechseln st\u00e4ndig. Damit ist es auch sehr kurzweilig. Das Publikum ist locker und man merkt, dass hier jeder Spa\u00df hat. Drinnen im Oval ist Action pur und auf den Trib\u00fcnen ist eine super Stimmung. Eine gute Basis f\u00fcr einen gelungenen Renntag, wenn man Benzin im Blut hat.<br><br>Der Jahresh\u00f6hepunkt in Venray ist \u00fcbrigens der Worldcup, den ich im 2025 erstmalig besucht habe. Da war richtig viel los &#8211; es war &#8222;volles Haus&#8220;. Beim Start der Stockcar F1 gab es G\u00e4nsehaut. Nachdem die Zuschauer das Oval innen vom &#8222;walk in&#8220; verlassen hatten, war es still. Die aufgereiten V8 Fl\u00fcgelmonster standen an der Startlinie. Dann das Kommando: &#8222;Gentleman start your engines&#8220; Kurz darauf wurden \u00fcber 30 Stockcar F1 V8 Monster auf einen Schlag angelassen und es bebte. Man kann es kaum mit Worten beschreiben, wie sich das anf\u00fchlt. Man muss es erlebt haben und ich kann versichern &#8211; es ist ein bleibendes Erlebnis.<br><br>Als Zuschauer war ich nat\u00fcrlich mit der Kamera dabei. So habe ich mein neues Foto-Metier gefunden, was man an meinem <a href=\"https:\/\/rennsport-fotos.de\/?page_id=197\" data-type=\"page\" data-id=\"197\" target=\"_blank\" rel=\"noreferrer noopener\">Bilderportfolio<\/a> recht gut erkennen kann.<br><br>Egal ob als motorsportbegeisterter Zuschauer oder Fotograf &#8211; die Stockcar-Rennen in den Niederlanden sind auf jeden Fall einen Besuch wert. Wer aus dem Ruhrgebiet kommt, ist schon fast in der Nachbarschaft zu Venray und Posterholt, wo es regelm\u00e4ssig Stockcar-Rennen gibt. Mein Lebensmittelpunkt in der Vukaneifeil ist etwas weiter entfernt, was mir aber nichts ausmacht &#8211; ich fahre meilenweit f\u00fcr ein Stockcar-Rennen \ud83d\ude09<br><br>Nachfolgend noch einige Impressionen vom Worldcup in der Klasse Stockcar F1:<\/p>\n\n\n\n<figure class=\"wp-block-image size-full\"><img loading=\"lazy\" decoding=\"async\" width=\"1000\" height=\"666\" src=\"https:\/\/rennsport-fotos.de\/wp-content\/uploads\/2026\/03\/IMG_6635.jpg\" alt=\"\" class=\"wp-image-570\" srcset=\"https:\/\/rennsport-fotos.de\/wp-content\/uploads\/2026\/03\/IMG_6635.jpg 1000w, https:\/\/rennsport-fotos.de\/wp-content\/uploads\/2026\/03\/IMG_6635-300x200.jpg 300w, https:\/\/rennsport-fotos.de\/wp-content\/uploads\/2026\/03\/IMG_6635-768x511.jpg 768w\" sizes=\"auto, (max-width: 767px) 89vw, (max-width: 1000px) 54vw, (max-width: 1071px) 543px, 580px\" \/><figcaption class=\"wp-element-caption\">Die Fans sind beim &#8222;walk in&#8220; hautnah dabei <\/figcaption><\/figure>\n\n\n\n<figure class=\"wp-block-image size-full\"><img loading=\"lazy\" decoding=\"async\" width=\"1000\" height=\"340\" src=\"https:\/\/rennsport-fotos.de\/wp-content\/uploads\/2026\/03\/IMG_6651-Pano-20250817.jpg\" alt=\"\" class=\"wp-image-569\" srcset=\"https:\/\/rennsport-fotos.de\/wp-content\/uploads\/2026\/03\/IMG_6651-Pano-20250817.jpg 1000w, https:\/\/rennsport-fotos.de\/wp-content\/uploads\/2026\/03\/IMG_6651-Pano-20250817-300x102.jpg 300w, https:\/\/rennsport-fotos.de\/wp-content\/uploads\/2026\/03\/IMG_6651-Pano-20250817-768x261.jpg 768w\" sizes=\"auto, (max-width: 767px) 89vw, (max-width: 1000px) 54vw, (max-width: 1071px) 543px, 580px\" \/><figcaption class=\"wp-element-caption\">Der Moment kurz bevor es in der Arena bebt<\/figcaption><\/figure>\n\n\n\n<figure class=\"wp-block-image size-full\"><img loading=\"lazy\" decoding=\"async\" width=\"1000\" height=\"666\" src=\"https:\/\/rennsport-fotos.de\/wp-content\/uploads\/2026\/03\/IMG_5270.jpg\" alt=\"\" class=\"wp-image-572\"\/><figcaption class=\"wp-element-caption\">Rennaction pur<\/figcaption><\/figure>\n\n\n\n<figure class=\"wp-block-image size-full\"><img loading=\"lazy\" decoding=\"async\" width=\"1000\" height=\"750\" src=\"https:\/\/rennsport-fotos.de\/wp-content\/uploads\/2026\/03\/IMG_7010.jpg\" alt=\"\" class=\"wp-image-571\"\/><figcaption class=\"wp-element-caption\">bis zum tosenden Finale<\/figcaption><\/figure>\n\n\n\n<p><\/p>\n","protected":false},"excerpt":{"rendered":"<p>Stockcar und Ovalracing &#8211; warum es so faszinierend ist Mein ganzes Leben habe ich mich f\u00fcr Motorsport interessiert. Erst ziemlich sp\u00e4t kam die Faszination Stockcar und Ovalracing hinzu. Es fing f\u00fcr mich ganz banal an. Mein Freund Fred schenkte mir im Dezember 2022 ein Automodell &#8211; einen 73er NASCAR Dodge Charger mit der Nummer 43 &hellip; <\/p>\n<p class=\"link-more\"><a href=\"https:\/\/rennsport-fotos.de\/?page_id=502\" class=\"more-link\"><span class=\"screen-reader-text\">\u201eBlog &#8211; Stockcar und Ovalracing\u201c <\/span>weiterlesen<\/a><\/p>\n","protected":false},"author":1,"featured_media":0,"parent":0,"menu_order":0,"comment_status":"closed","ping_status":"closed","template":"","meta":{"footnotes":""},"class_list":["post-502","page","type-page","status-publish","hentry"],"_links":{"self":[{"href":"https:\/\/rennsport-fotos.de\/index.php?rest_route=\/wp\/v2\/pages\/502","targetHints":{"allow":["GET"]}}],"collection":[{"href":"https:\/\/rennsport-fotos.de\/index.php?rest_route=\/wp\/v2\/pages"}],"about":[{"href":"https:\/\/rennsport-fotos.de\/index.php?rest_route=\/wp\/v2\/types\/page"}],"author":[{"embeddable":true,"href":"https:\/\/rennsport-fotos.de\/index.php?rest_route=\/wp\/v2\/users\/1"}],"replies":[{"embeddable":true,"href":"https:\/\/rennsport-fotos.de\/index.php?rest_route=%2Fwp%2Fv2%2Fcomments&post=502"}],"version-history":[{"count":36,"href":"https:\/\/rennsport-fotos.de\/index.php?rest_route=\/wp\/v2\/pages\/502\/revisions"}],"predecessor-version":[{"id":1030,"href":"https:\/\/rennsport-fotos.de\/index.php?rest_route=\/wp\/v2\/pages\/502\/revisions\/1030"}],"wp:attachment":[{"href":"https:\/\/rennsport-fotos.de\/index.php?rest_route=%2Fwp%2Fv2%2Fmedia&parent=502"}],"curies":[{"name":"wp","href":"https:\/\/api.w.org\/{rel}","templated":true}]}}