{"id":507,"date":"2026-03-16T20:41:28","date_gmt":"2026-03-16T20:41:28","guid":{"rendered":"https:\/\/rennsport-fotos.de\/?page_id=507"},"modified":"2026-03-18T16:45:16","modified_gmt":"2026-03-18T16:45:16","slug":"fotogalerie-cumbria-classics","status":"publish","type":"page","link":"https:\/\/rennsport-fotos.de\/?page_id=507","title":{"rendered":"Cumbria Classics"},"content":{"rendered":"\n<h2 class=\"wp-block-heading\">Cumbria Classics &#8211; es muss nicht immer Goodwood sein<\/h2>\n\n\n\n<p><br>Wer an Oldtimer und England denkt, dem f\u00e4llt meistens Goodwood ein, die j\u00e4hrlich stattfindende weltweit bekannte Veranstaltung. Es gibt aber auch andere Oldtimer Events im Vereinigten K\u00f6nigreich, die einen Besuch wert sind. Besonders dann, wenn man in dieser Zeit sowieso auf der britischen Insel oder im angrenzenden Schottland Urlaub macht. Cumbria Classics findet jedes Jahr im August im Norden von England im Lake District unweit von Penrith statt. Der Veranstalter ist der Wigton Motor Club und der stellt jedes Jahr eine sehenswerte Veranstaltung auf die Beine. Die Lage im landschaftlichen sch\u00f6nen Lake District erm\u00f6glicht neben der Oldtimer-Tagesveranstaltung auch jede Menge Ausflugsm\u00f6glichkeiten mit landschaftlichen Highlights, die man an weiteren Urlaubstagen unternehmen kann. <br><br>Das Oldtimertreffen bietet neben einer Vielzahl von klassischen Fahrzeugen auch sportliche Einlagen, wie etwa einen Slalomwettbewerb auf einer Buckelwiese. Es ist erstaunlich, was die Teilnehmer mit ihren sportlichen Oldtimern auf dieser Offroadpiste an Fahrk\u00fcnsten zeigen. &#8222;Alteisen Action&#8220; zum Spa\u00df der Teilnehmer und der anwesenden Zuschauer, die sichtlich Freude an dem Spektakel haben.<br><br>Bei den Fahrzeugen auf dem Treffen ist in der Regel alles vertreten, was in UK fr\u00fcher die Stra\u00dfen bev\u00f6lkerte. Man kann dort auch j\u00fcngere Exoten antreffen, wie beispielsweise einen Nissan Figaro oder einen Chevron mit Stra\u00dfenzulassung. Viele Teilnehmer besitzen mehrere Oldtimer und kommen jedes Jahr mit einem anderen Fahrzeug zum Treffen. Damit gibt es jedes Jahr eine andere Auswahl an Oldtimern, die man bei diesem Event besichtigen kann. Vorbildlich ist es, das es einen Veranstaltungskatalog gibt, wo die Fahrzeuge nach Kategorie und Nummer verzeichnet sind. Damit kann man sp\u00e4ter Zuhause die uns manchmal unbekannten Autos auf den dort gemachten Erinnerungsfotos zuordnen.<br><br>Die Atmosph\u00e4re ist super und man kann viele interessante Gespr\u00e4che f\u00fchren. Die meisten Teilnehmer besitzen ihre Oldies schon lange Zeit und k\u00f6nnen viel zur Historie berichten. Manche Fahrzeuge sind schon \u00fcber Generationen in Familienbesitz. Da lohnen sich die Gespr\u00e4che und man bekommt ein ganz anderes Verh\u00e4ltnis zu den ausgestellten Autos. <br><br>Die Lage ist einzigartig. Man ist als Zuschauer mitten in der Natur und ist dort von den vielen Klassikern umgeben. Die Show beginnt schon auf dem Parkplatz, wenn man die Veranstaltung besucht. Auf dem Parkplatz sind oftmals bereits Rarit\u00e4ten zu bestaunen. Wer zum Klassiker Treffen f\u00e4hrt, der ist dort manchmal mit seinem Klassiker unterwegs. Bei meinem ersten Besuch war es ein Ford GT40 und ein originaler AC Cobra. <br><br>Einige interessante Verkaufsst\u00e4nde und jede Menge Food-Trucks runden das Programm der Veranstaltung ab. F\u00fcr das Wohl der G\u00e4ste ist beim &#8222;Cumbria Classic&#8220; gut gesorgt.<br><br>Wer die Veranstaltung besuchen m\u00f6chte, findet M\u00f6glichkeiten zur \u00dcbernachtung im nahe gelegenen Penrith oder in einem der vielen kleinen Orte in der n\u00e4heren Umgebung. Es gibt einen gro\u00dfen Campingplatz unweit des Gel\u00e4ndes aber auch weitere Campingpl\u00e4tze, die in der Gegend sind. Man sollte jedoch fr\u00fchzeitig reservieren, denn zum Zeitpunkt der Veranstaltung ist im Lake Distrikt sehr viel los. Es ist eine beliebte Urlaubsregion und der August ist ein sehr beliebter Monat f\u00fcr Touristen in dieser landschaftlich sch\u00f6nen Region.<br><br>Nach zwei besuchten Veranstaltungen kann ich best\u00e4tigen, dass ein Besuch dieser Veranstaltung und auch der Region &#8222;Lake District&#8220; lohnenswert ist. Was die Oldtimer und au\u00dfergew\u00f6hnlichen Fahrzeuge betrifft, kann man feststellen, dass die Briten wirklich &#8222;Benzin im Blut&#8220; haben.<br><br>Die sch\u00f6ne Veranstaltung l\u00e4dt dazu ein, in ein kleines Urlaubsprogramm auf der Insel mit aufgenommen zu werden, zumal man auf eigener Achse anreisen kann. Man sollte jedoch keine Angst vor dem Linksverkehr und vor sehr schmalen Stra\u00dfen haben, die besonders im Lake Distrikt zahlreich sind. <br><br>Hier geht es zum Link des Veranstalters: <a href=\"https:\/\/wigtonmc.co.uk\/cumbria-classic-and-motorsport-show-23th-august-2026\/\" target=\"_blank\" rel=\"noreferrer noopener nofollow\"><mark style=\"background-color:#fcb900\" class=\"has-inline-color has-white-color\">Cumbria Classics<\/mark><\/a><br><br>Wer es selbst etwas abenteuerlich mag, kann in der N\u00e4he einen der gef\u00e4hrlichsten P\u00e4sse auf der Insel befahren. Der Hardknott Pass geht zwar nur auf 400 Meter H\u00f6he hinauf aber es ist wirklich abenteuerlich. Durch die sehr schmale Stra\u00dfe, der teilweise extremen Steigung bis 33% und die engen Kurven ist der Pass ein kleines Erlebnis. Die Fahrt ist f\u00fcr erfahrene Autofahrer mit einem Pkw gut machbar, sollte aber auf keinen Fall mit einem Wohnmobil oder von Anf\u00e4ngern versucht werden. <br><br>Hier ein Link mit weiteren Infos: <a href=\"https:\/\/www.dangerousroads.org\/europe\/england\/2302-hardknott-pass.html\" target=\"_blank\" rel=\"noreferrer noopener nofollow\"><mark style=\"background-color:#fcb900\" class=\"has-inline-color has-white-color\">Hardknott Pass UK<\/mark><\/a><br><br>Nachfolgend einige Eindr\u00fccke von diesem Event:<\/p>\n\n\n\n<figure class=\"wp-block-image size-full\"><img loading=\"lazy\" decoding=\"async\" width=\"1000\" height=\"360\" src=\"https:\/\/rennsport-fotos.de\/wp-content\/uploads\/2026\/03\/P1240715-Pano-20240818.jpg\" alt=\"\" class=\"wp-image-874\" srcset=\"https:\/\/rennsport-fotos.de\/wp-content\/uploads\/2026\/03\/P1240715-Pano-20240818.jpg 1000w, https:\/\/rennsport-fotos.de\/wp-content\/uploads\/2026\/03\/P1240715-Pano-20240818-300x108.jpg 300w, https:\/\/rennsport-fotos.de\/wp-content\/uploads\/2026\/03\/P1240715-Pano-20240818-768x276.jpg 768w\" sizes=\"auto, (max-width: 767px) 89vw, (max-width: 1000px) 54vw, (max-width: 1071px) 543px, 580px\" \/><\/figure>\n\n\n\n<p>Klassiker mitten in der Natur<\/p>\n\n\n\n<figure class=\"wp-block-image size-full\"><img loading=\"lazy\" decoding=\"async\" width=\"999\" height=\"562\" src=\"https:\/\/rennsport-fotos.de\/wp-content\/uploads\/2026\/03\/P1240738-20240818.jpg\" alt=\"\" class=\"wp-image-875\" srcset=\"https:\/\/rennsport-fotos.de\/wp-content\/uploads\/2026\/03\/P1240738-20240818.jpg 999w, https:\/\/rennsport-fotos.de\/wp-content\/uploads\/2026\/03\/P1240738-20240818-300x169.jpg 300w, https:\/\/rennsport-fotos.de\/wp-content\/uploads\/2026\/03\/P1240738-20240818-768x432.jpg 768w\" sizes=\"auto, (max-width: 767px) 89vw, (max-width: 1000px) 54vw, (max-width: 1071px) 543px, 580px\" \/><\/figure>\n\n\n\n<p>Spitfire auf Abwegen<\/p>\n\n\n\n<figure class=\"wp-block-image size-full\"><img loading=\"lazy\" decoding=\"async\" width=\"999\" height=\"666\" src=\"https:\/\/rennsport-fotos.de\/wp-content\/uploads\/2026\/03\/P1240802-20240818.jpg\" alt=\"\" class=\"wp-image-876\" srcset=\"https:\/\/rennsport-fotos.de\/wp-content\/uploads\/2026\/03\/P1240802-20240818.jpg 999w, https:\/\/rennsport-fotos.de\/wp-content\/uploads\/2026\/03\/P1240802-20240818-300x200.jpg 300w, https:\/\/rennsport-fotos.de\/wp-content\/uploads\/2026\/03\/P1240802-20240818-768x512.jpg 768w\" sizes=\"auto, (max-width: 767px) 89vw, (max-width: 1000px) 54vw, (max-width: 1071px) 543px, 580px\" \/><\/figure>\n\n\n\n<p>Die J\u00fcngsten sind auch mit Speed und Elan dabei<\/p>\n\n\n\n<figure class=\"wp-block-image size-full\"><img loading=\"lazy\" decoding=\"async\" width=\"999\" height=\"665\" src=\"https:\/\/rennsport-fotos.de\/wp-content\/uploads\/2026\/03\/P1240993-20240818.jpg\" alt=\"\" class=\"wp-image-877\" srcset=\"https:\/\/rennsport-fotos.de\/wp-content\/uploads\/2026\/03\/P1240993-20240818.jpg 999w, https:\/\/rennsport-fotos.de\/wp-content\/uploads\/2026\/03\/P1240993-20240818-300x200.jpg 300w, https:\/\/rennsport-fotos.de\/wp-content\/uploads\/2026\/03\/P1240993-20240818-768x511.jpg 768w\" sizes=\"auto, (max-width: 767px) 89vw, (max-width: 1000px) 54vw, (max-width: 1071px) 543px, 580px\" \/><\/figure>\n\n\n\n<p>Rennwagen f\u00fcr die Stra\u00dfe &#8211; Chevron B1 Mk II<\/p>\n\n\n\n<figure class=\"wp-block-image size-full\"><img loading=\"lazy\" decoding=\"async\" width=\"999\" height=\"999\" src=\"https:\/\/rennsport-fotos.de\/wp-content\/uploads\/2026\/03\/P1250082-20240818-2.jpg\" alt=\"\" class=\"wp-image-878\" srcset=\"https:\/\/rennsport-fotos.de\/wp-content\/uploads\/2026\/03\/P1250082-20240818-2.jpg 999w, https:\/\/rennsport-fotos.de\/wp-content\/uploads\/2026\/03\/P1250082-20240818-2-300x300.jpg 300w, https:\/\/rennsport-fotos.de\/wp-content\/uploads\/2026\/03\/P1250082-20240818-2-150x150.jpg 150w, https:\/\/rennsport-fotos.de\/wp-content\/uploads\/2026\/03\/P1250082-20240818-2-768x768.jpg 768w, https:\/\/rennsport-fotos.de\/wp-content\/uploads\/2026\/03\/P1250082-20240818-2-100x100.jpg 100w\" sizes=\"auto, (max-width: 767px) 89vw, (max-width: 1000px) 54vw, (max-width: 1071px) 543px, 580px\" \/><\/figure>\n\n\n\n<p>Tin Lizzy &#8211; Blechliese auf der Insel<\/p>\n\n\n\n<figure class=\"wp-block-image size-full\"><img loading=\"lazy\" decoding=\"async\" width=\"1000\" height=\"666\" src=\"https:\/\/rennsport-fotos.de\/wp-content\/uploads\/2026\/03\/P1250164-20240818.jpeg\" alt=\"\" class=\"wp-image-879\" srcset=\"https:\/\/rennsport-fotos.de\/wp-content\/uploads\/2026\/03\/P1250164-20240818.jpeg 1000w, https:\/\/rennsport-fotos.de\/wp-content\/uploads\/2026\/03\/P1250164-20240818-300x200.jpeg 300w, https:\/\/rennsport-fotos.de\/wp-content\/uploads\/2026\/03\/P1250164-20240818-768x511.jpeg 768w\" sizes=\"auto, (max-width: 767px) 89vw, (max-width: 1000px) 54vw, (max-width: 1071px) 543px, 580px\" \/><\/figure>\n\n\n\n<p>Zur\u00fcck in die Zukunft mit dem DeLorean <\/p>\n\n\n\n<figure class=\"wp-block-image size-full\"><img loading=\"lazy\" decoding=\"async\" width=\"999\" height=\"750\" src=\"https:\/\/rennsport-fotos.de\/wp-content\/uploads\/2026\/03\/P1250417-20240818.jpg\" alt=\"\" class=\"wp-image-880\" srcset=\"https:\/\/rennsport-fotos.de\/wp-content\/uploads\/2026\/03\/P1250417-20240818.jpg 999w, https:\/\/rennsport-fotos.de\/wp-content\/uploads\/2026\/03\/P1250417-20240818-300x225.jpg 300w, https:\/\/rennsport-fotos.de\/wp-content\/uploads\/2026\/03\/P1250417-20240818-768x577.jpg 768w\" sizes=\"auto, (max-width: 767px) 89vw, (max-width: 1000px) 54vw, (max-width: 1071px) 543px, 580px\" \/><\/figure>\n\n\n\n<p>Von der Rennstrecke auf die Stra\u00dfe. Breiter Hundeknochen &#8211; Ford Escort Mk I<\/p>\n\n\n\n<p><\/p>\n","protected":false},"excerpt":{"rendered":"<p>Cumbria Classics &#8211; es muss nicht immer Goodwood sein Wer an Oldtimer und England denkt, dem f\u00e4llt meistens Goodwood ein, die j\u00e4hrlich stattfindende weltweit bekannte Veranstaltung. Es gibt aber auch andere Oldtimer Events im Vereinigten K\u00f6nigreich, die einen Besuch wert sind. Besonders dann, wenn man in dieser Zeit sowieso auf der britischen Insel oder im &hellip; <\/p>\n<p class=\"link-more\"><a href=\"https:\/\/rennsport-fotos.de\/?page_id=507\" class=\"more-link\"><span class=\"screen-reader-text\">\u201eCumbria Classics\u201c <\/span>weiterlesen<\/a><\/p>\n","protected":false},"author":1,"featured_media":0,"parent":0,"menu_order":0,"comment_status":"closed","ping_status":"closed","template":"","meta":{"footnotes":""},"class_list":["post-507","page","type-page","status-publish","hentry"],"_links":{"self":[{"href":"https:\/\/rennsport-fotos.de\/index.php?rest_route=\/wp\/v2\/pages\/507","targetHints":{"allow":["GET"]}}],"collection":[{"href":"https:\/\/rennsport-fotos.de\/index.php?rest_route=\/wp\/v2\/pages"}],"about":[{"href":"https:\/\/rennsport-fotos.de\/index.php?rest_route=\/wp\/v2\/types\/page"}],"author":[{"embeddable":true,"href":"https:\/\/rennsport-fotos.de\/index.php?rest_route=\/wp\/v2\/users\/1"}],"replies":[{"embeddable":true,"href":"https:\/\/rennsport-fotos.de\/index.php?rest_route=%2Fwp%2Fv2%2Fcomments&post=507"}],"version-history":[{"count":34,"href":"https:\/\/rennsport-fotos.de\/index.php?rest_route=\/wp\/v2\/pages\/507\/revisions"}],"predecessor-version":[{"id":945,"href":"https:\/\/rennsport-fotos.de\/index.php?rest_route=\/wp\/v2\/pages\/507\/revisions\/945"}],"wp:attachment":[{"href":"https:\/\/rennsport-fotos.de\/index.php?rest_route=%2Fwp%2Fv2%2Fmedia&parent=507"}],"curies":[{"name":"wp","href":"https:\/\/api.w.org\/{rel}","templated":true}]}}