{"id":516,"date":"2026-03-15T05:34:52","date_gmt":"2026-03-15T05:34:52","guid":{"rendered":"https:\/\/rennsport-fotos.de\/?page_id=516"},"modified":"2026-04-07T08:05:01","modified_gmt":"2026-04-07T08:05:01","slug":"blog-posterholt","status":"publish","type":"page","link":"https:\/\/rennsport-fotos.de\/?page_id=516","title":{"rendered":"BLOG Posterholt"},"content":{"rendered":"\n<h2 class=\"wp-block-heading\"><strong>PAC Autospeedway Posterholt NL<\/strong><br>&#8211; Der Ovalkurs, wo es zur Sache geht<\/h2>\n\n\n\n<p>Posterholt, eine kleine Gemeinde unweit der deutschen Grenze wurde zum Mekka der Stockcar-Fans. Das etwas au\u00dferhalb des Ortes gelegene Renngel\u00e4nde hat ein 400 Meter kurzes Oval mit 2 engen Kurven. Es ist vergleichbar mit einer 400 Meter Strecke, wie sie bei Sportpl\u00e4tzen zu finden ist. Durch das Oval jagen die Stockcars in unterschiedlichen Klassen und dort geht es richtig zur Sache.<br><br>Die vielen Klassen eines Renntags wechseln st\u00e4ndig ab und die einzelnen Rennen sind kurz. Dadurch ist es sehr kurzweilig und die Fans bekommen ihre Helden mehrmals \u00fcber den Tag verteilt zu Gesicht. <br><br>R\u00fcckblickend erinnere ich mich, als ein Stockcar-Fan der Stockcars F2 mir in Venray erz\u00e4hlte, dass ich mal nach Posterholt kommen solle, weil da &#8222;richtig was los&#8220; sei.<br>Der Mann hatte Recht, denn der Weg zu dieser kleinen Rennstrecke lohnt auf jeden Fall. Als Fan kann man rund um die 400 Meter Strecke seinen Platz suchen und ist nur durch den stabilen Sicherheitszaun von der Fahrbahn getrennt. Man ist wirklich auf Tuchf\u00fchlung am Geschehen.<br><br>Das wirklich Besondere sind dort die Bangerstox. Dies sind ausgemusterte Fahrzeuge, welche als Stockcars pr\u00e4pariert Rennen fahren. Die Fahrzeuge sehen teilweise abenteuerlich aus und das Rennen ist noch abenteuerlicher, denn Bangestox ist Kontaktsport. Da wird nicht nur gefightet &#8211; der Gegner wird richtig aufs Korn genommen. Da crasht es oft und man kann es kaum glauben, was so ein Fahrzeug aush\u00e4lt. Das Reglement sorgt \u00fcbrigens daf\u00fcr, dass es weitgehende Chancengleichheit und Sicherheit gibt <a href=\"https:\/\/www.nederlandseautosportbond.nl\/application\/files\/4515\/5688\/4844\/nab_reglement-bangerstox_A4.pdf\" target=\"_blank\" rel=\"noreferrer noopener nofollow\"><mark style=\"background-color:rgba(0, 0, 0, 0)\" class=\"has-inline-color has-vivid-cyan-blue-color\">(Reglement niederl\u00e4ndisch)<\/mark><\/a>. Die Rennaction muss man erlebt haben. Es ist nichts f\u00fcr schwache Nerven, trotz der vielen Crashs jedoch eine sichere Motorsport-Disziplin f\u00fcr die Rennfahrer und Zuschauer. Imposant ist es auch, wenn die havarierten Fahrzeuge mit einem Hublader \u00fcber das riesige Tor nach drau\u00dfen bef\u00f6rdert werden. Wer nicht aus eigener Kraft die Arena verlassen kann, wird durch die Luft hinaus bef\u00f6rdert. Ein beinharter Sport, aber ein herzliches Publikum und eine famili\u00e4re Atmosph\u00e4re.<br><br>Am Eingang gibt es auch Speisen und Getr\u00e4nke, damit f\u00fcr das leibliche Wohl der Beteiligten und der Fans gesorgt ist. Die Eintrittspreise sind fair und f\u00fcr das Gebotene g\u00fcnstig.<br><br>Als Zuschauer ist man in Posterholt fast immer mittendrin &#8211; besonders im Fahrerlager, wo man dem Treiben bei den Reparaturen zusehen kann. Da es viele Crashs gibt, muss auch viel gewerkelt werden. B\u00f6se Zungen behaupten, das wichtigste Werkzeug bei den Bangerstox sei der gro\u00dfe Hammer. Etwas diffiziler ist es schon.<br><br>Die vielen \u00fcber das Jahr verteilten Renntage laden dazu ein, dieses au\u00dfergew\u00f6hnliche Metier des Motorsports zu besuchen. Es lohnt sich, denn in Posterholt geht es wirklich zur Sache. <br><br>Hier geht es zum Link des Veranstalters: <a href=\"https:\/\/www.pacautospeedway.nl\/\" target=\"_blank\" rel=\"noreferrer noopener nofollow\"><mark style=\"background-color:#ff6900\" class=\"has-inline-color has-white-color\">PAC Autospeedway Posterholt<\/mark><\/a><br><br>Nachfolgend einige Impressionen:<\/p>\n\n\n\n<figure class=\"wp-block-image size-large\"><img loading=\"lazy\" decoding=\"async\" width=\"1024\" height=\"682\" src=\"https:\/\/rennsport-fotos.de\/wp-content\/uploads\/2026\/03\/IMG_5100-20251005-1024x682.jpeg\" alt=\"\" class=\"wp-image-812\" srcset=\"https:\/\/rennsport-fotos.de\/wp-content\/uploads\/2026\/03\/IMG_5100-20251005-1024x682.jpeg 1024w, https:\/\/rennsport-fotos.de\/wp-content\/uploads\/2026\/03\/IMG_5100-20251005-300x200.jpeg 300w, https:\/\/rennsport-fotos.de\/wp-content\/uploads\/2026\/03\/IMG_5100-20251005-768x512.jpeg 768w, https:\/\/rennsport-fotos.de\/wp-content\/uploads\/2026\/03\/IMG_5100-20251005-1536x1023.jpeg 1536w, https:\/\/rennsport-fotos.de\/wp-content\/uploads\/2026\/03\/IMG_5100-20251005.jpeg 1600w\" sizes=\"auto, (max-width: 767px) 89vw, (max-width: 1000px) 54vw, (max-width: 1071px) 543px, 580px\" \/><figcaption class=\"wp-element-caption\">Kurvenaction in der Klasse National Hotrod.<\/figcaption><\/figure>\n\n\n\n<figure class=\"wp-block-image size-large\"><img loading=\"lazy\" decoding=\"async\" width=\"1024\" height=\"575\" src=\"https:\/\/rennsport-fotos.de\/wp-content\/uploads\/2026\/03\/IMG_3838-20251005-1024x575.jpeg\" alt=\"\" class=\"wp-image-813\" srcset=\"https:\/\/rennsport-fotos.de\/wp-content\/uploads\/2026\/03\/IMG_3838-20251005-1024x575.jpeg 1024w, https:\/\/rennsport-fotos.de\/wp-content\/uploads\/2026\/03\/IMG_3838-20251005-300x169.jpeg 300w, https:\/\/rennsport-fotos.de\/wp-content\/uploads\/2026\/03\/IMG_3838-20251005-768x432.jpeg 768w, https:\/\/rennsport-fotos.de\/wp-content\/uploads\/2026\/03\/IMG_3838-20251005-1536x863.jpeg 1536w, https:\/\/rennsport-fotos.de\/wp-content\/uploads\/2026\/03\/IMG_3838-20251005.jpeg 1600w\" sizes=\"auto, (max-width: 767px) 89vw, (max-width: 1000px) 54vw, (max-width: 1071px) 543px, 580px\" \/><figcaption class=\"wp-element-caption\">Man ist bei den Zweik\u00e4mpfen hautnah dabei<\/figcaption><\/figure>\n\n\n\n<figure class=\"wp-block-image size-large\"><img loading=\"lazy\" decoding=\"async\" width=\"1024\" height=\"682\" src=\"https:\/\/rennsport-fotos.de\/wp-content\/uploads\/2026\/03\/IMG_4013-degone-20251005-1024x682.jpeg\" alt=\"\" class=\"wp-image-814\" srcset=\"https:\/\/rennsport-fotos.de\/wp-content\/uploads\/2026\/03\/IMG_4013-degone-20251005-1024x682.jpeg 1024w, https:\/\/rennsport-fotos.de\/wp-content\/uploads\/2026\/03\/IMG_4013-degone-20251005-300x200.jpeg 300w, https:\/\/rennsport-fotos.de\/wp-content\/uploads\/2026\/03\/IMG_4013-degone-20251005-768x512.jpeg 768w, https:\/\/rennsport-fotos.de\/wp-content\/uploads\/2026\/03\/IMG_4013-degone-20251005-1536x1023.jpeg 1536w, https:\/\/rennsport-fotos.de\/wp-content\/uploads\/2026\/03\/IMG_4013-degone-20251005.jpeg 1600w\" sizes=\"auto, (max-width: 767px) 89vw, (max-width: 1000px) 54vw, (max-width: 1071px) 543px, 580px\" \/><figcaption class=\"wp-element-caption\">Bangerstox Action in der Kurve<\/figcaption><\/figure>\n\n\n\n<figure class=\"wp-block-image size-large\"><img loading=\"lazy\" decoding=\"async\" width=\"1024\" height=\"682\" src=\"https:\/\/rennsport-fotos.de\/wp-content\/uploads\/2026\/03\/IMG_4607-degone-20251005-1-1024x682.jpeg\" alt=\"\" class=\"wp-image-816\" srcset=\"https:\/\/rennsport-fotos.de\/wp-content\/uploads\/2026\/03\/IMG_4607-degone-20251005-1-1024x682.jpeg 1024w, https:\/\/rennsport-fotos.de\/wp-content\/uploads\/2026\/03\/IMG_4607-degone-20251005-1-300x200.jpeg 300w, https:\/\/rennsport-fotos.de\/wp-content\/uploads\/2026\/03\/IMG_4607-degone-20251005-1-768x512.jpeg 768w, https:\/\/rennsport-fotos.de\/wp-content\/uploads\/2026\/03\/IMG_4607-degone-20251005-1-1536x1023.jpeg 1536w, https:\/\/rennsport-fotos.de\/wp-content\/uploads\/2026\/03\/IMG_4607-degone-20251005-1.jpeg 1600w\" sizes=\"auto, (max-width: 767px) 89vw, (max-width: 1000px) 54vw, (max-width: 1071px) 543px, 580px\" \/><figcaption class=\"wp-element-caption\">Abtransport eines havarierte Fahrzeugs <\/figcaption><\/figure>\n\n\n\n<p><br>Weitere Fotos gibt es hier in meinen Bildergalerien von Posterholt:    <a href=\"https:\/\/rennsport-fotos.de\/?page_id=404\" data-type=\"page\" data-id=\"404\" target=\"_blank\" rel=\"noreferrer noopener\"><mark style=\"background-color:#ff6900\" class=\"has-inline-color has-white-color\">Fotogalerien Posterholt<\/mark><\/a><\/p>\n\n\n\n<p><\/p>\n\n\n\n<p><\/p>\n","protected":false},"excerpt":{"rendered":"<p>PAC Autospeedway Posterholt NL&#8211; Der Ovalkurs, wo es zur Sache geht Posterholt, eine kleine Gemeinde unweit der deutschen Grenze wurde zum Mekka der Stockcar-Fans. Das etwas au\u00dferhalb des Ortes gelegene Renngel\u00e4nde hat ein 400 Meter kurzes Oval mit 2 engen Kurven. Es ist vergleichbar mit einer 400 Meter Strecke, wie sie bei Sportpl\u00e4tzen zu finden &hellip; <\/p>\n<p class=\"link-more\"><a href=\"https:\/\/rennsport-fotos.de\/?page_id=516\" class=\"more-link\"><span class=\"screen-reader-text\">\u201eBLOG Posterholt\u201c <\/span>weiterlesen<\/a><\/p>\n","protected":false},"author":1,"featured_media":0,"parent":0,"menu_order":0,"comment_status":"closed","ping_status":"closed","template":"","meta":{"footnotes":""},"class_list":["post-516","page","type-page","status-publish","hentry"],"_links":{"self":[{"href":"https:\/\/rennsport-fotos.de\/index.php?rest_route=\/wp\/v2\/pages\/516","targetHints":{"allow":["GET"]}}],"collection":[{"href":"https:\/\/rennsport-fotos.de\/index.php?rest_route=\/wp\/v2\/pages"}],"about":[{"href":"https:\/\/rennsport-fotos.de\/index.php?rest_route=\/wp\/v2\/types\/page"}],"author":[{"embeddable":true,"href":"https:\/\/rennsport-fotos.de\/index.php?rest_route=\/wp\/v2\/users\/1"}],"replies":[{"embeddable":true,"href":"https:\/\/rennsport-fotos.de\/index.php?rest_route=%2Fwp%2Fv2%2Fcomments&post=516"}],"version-history":[{"count":21,"href":"https:\/\/rennsport-fotos.de\/index.php?rest_route=\/wp\/v2\/pages\/516\/revisions"}],"predecessor-version":[{"id":1072,"href":"https:\/\/rennsport-fotos.de\/index.php?rest_route=\/wp\/v2\/pages\/516\/revisions\/1072"}],"wp:attachment":[{"href":"https:\/\/rennsport-fotos.de\/index.php?rest_route=%2Fwp%2Fv2%2Fmedia&parent=516"}],"curies":[{"name":"wp","href":"https:\/\/api.w.org\/{rel}","templated":true}]}}