{"id":519,"date":"2026-03-12T19:49:35","date_gmt":"2026-03-12T19:49:35","guid":{"rendered":"https:\/\/rennsport-fotos.de\/?page_id=519"},"modified":"2026-04-23T17:21:21","modified_gmt":"2026-04-23T17:21:21","slug":"blog-hauptseite","status":"publish","type":"page","link":"https:\/\/rennsport-fotos.de\/?page_id=519","title":{"rendered":"Blog"},"content":{"rendered":"\n<h2 class=\"wp-block-heading\">Meine Themen rund um Fotografie und Motorsport<\/h2>\n\n\n\n<p>In diesen Blog werde ich mit der Zeit Themen einbringen, die sich mit Motorsport und Fotografie befassen. Es sollen keine wissenschaftlichen Abhandlungen sondern Berichte aus der Praxis f\u00fcr die Praxis oder meine Erlebnisse sein. Durch meine langj\u00e4hrige Praxis in der Fotografie habe ich viele H\u00f6hen und Tiefen erlebt. Manches w\u00e4re mit dem einen oder anderen Tipp fr\u00fcher einfacher gewesen. Daher habe ich mich entschlossen, das eine oder andere Thema hier aus meiner Sicht mit meinen Erfahrungen zu beschreiben und auch gerne zur Diskussion zu stellen. <br><br>Ich freue mich \u00fcber Kommentare und Anregungen zu diesem Blog per E-Mail.<br><br><mark style=\"background-color:#ff6900\" class=\"has-inline-color has-white-color\"><a href=\"https:\/\/rennsport-fotos.de\/?page_id=502\" data-type=\"page\" data-id=\"502\" target=\"_blank\" rel=\"noreferrer noopener\">Hier geht es zum Beitrag<\/a><\/mark> <strong>Stockcar und Ovalracing<\/strong> <br><br> <mark style=\"background-color:#ff6900\" class=\"has-inline-color has-white-color\"><a href=\"https:\/\/rennsport-fotos.de\/?page_id=505\" data-type=\"page\" data-id=\"505\">Hier geht es <\/a><a href=\"https:\/\/rennsport-fotos.de\/?page_id=505\" data-type=\"page\" data-id=\"505\" target=\"_blank\" rel=\"noreferrer noopener\">zum Beitrag<\/a><\/mark> <strong>Fotografie im Rennsport &#8211; Ausr\u00fcstung zum Einstieg<\/strong><br><br><mark style=\"background-color:#ff6900\" class=\"has-inline-color has-white-color\"><a href=\"https:\/\/rennsport-fotos.de\/?page_id=514\" data-type=\"page\" data-id=\"514\" target=\"_blank\" rel=\"noreferrer noopener\">Hier geht es zum Beitrag<\/a><\/mark> <strong>Venray Raceway NL &#8211; das schnellste 1\/2 Meilen Oval in Europa<\/strong><br><br><mark style=\"background-color:#ff6900\" class=\"has-inline-color has-white-color\"><a href=\"https:\/\/rennsport-fotos.de\/?page_id=711\" data-type=\"page\" data-id=\"711\" target=\"_blank\" rel=\"noreferrer noopener\">Hier geht es zum Beitrag<\/a><\/mark> <strong>Vollgas Rennspass &#8211; mein Jahresh\u00f6hepunkt f\u00fcr viele Jahre<\/strong><br><br><mark style=\"background-color:#ff6900\" class=\"has-inline-color has-white-color\"><a href=\"https:\/\/rennsport-fotos.de\/?page_id=516\" data-type=\"page\" data-id=\"516\">Hier geht es zum Beitrag<\/a><\/mark> <strong>Posterholt PAC Autospeedway &#8211; da ist was los<\/strong><br><br><mark style=\"background-color:#ff6900\" class=\"has-inline-color has-white-color\"><a href=\"https:\/\/rennsport-fotos.de\/?page_id=822\" data-type=\"page\" data-id=\"822\" target=\"_blank\" rel=\"noreferrer noopener\">Hier geht es zum Beitrag<\/a><\/mark> <strong>200 Jahre &#8211; ein ganz besonderes Jubil\u00e4um<\/strong><br><br><br>Nachfolgend einige Veranstaltungsberichte:<br><br><a href=\"https:\/\/rennsport-fotos.de\/?page_id=711\" target=\"_blank\" rel=\"noreferrer noopener\"><strong>&#8211; A tribute to Vollgas Rennspass<\/strong><\/a><br><br><strong><a href=\"https:\/\/rennsport-fotos.de\/?page_id=969\" data-type=\"page\" data-id=\"969\" target=\"_blank\" rel=\"noreferrer noopener\">&#8211; Er\u00f6ffnungsrennen in Posterholt am 29.3.2026<\/a><\/strong><br><br><strong><a href=\"https:\/\/rennsport-fotos.de\/?page_id=507\" data-type=\"page\" data-id=\"507\">&#8211; Cumbria Classics &#8211; es muss nicht immer Goodwood sein<\/a><\/strong><br><br><br><br><br><br><br><br><\/p>\n\n\n\n<p><\/p>\n","protected":false},"excerpt":{"rendered":"<p>Meine Themen rund um Fotografie und Motorsport In diesen Blog werde ich mit der Zeit Themen einbringen, die sich mit Motorsport und Fotografie befassen. Es sollen keine wissenschaftlichen Abhandlungen sondern Berichte aus der Praxis f\u00fcr die Praxis oder meine Erlebnisse sein. Durch meine langj\u00e4hrige Praxis in der Fotografie habe ich viele H\u00f6hen und Tiefen erlebt. &hellip; <\/p>\n<p class=\"link-more\"><a href=\"https:\/\/rennsport-fotos.de\/?page_id=519\" class=\"more-link\"><span class=\"screen-reader-text\">\u201eBlog\u201c <\/span>weiterlesen<\/a><\/p>\n","protected":false},"author":1,"featured_media":0,"parent":0,"menu_order":0,"comment_status":"closed","ping_status":"closed","template":"","meta":{"footnotes":""},"class_list":["post-519","page","type-page","status-publish","hentry"],"_links":{"self":[{"href":"https:\/\/rennsport-fotos.de\/index.php?rest_route=\/wp\/v2\/pages\/519","targetHints":{"allow":["GET"]}}],"collection":[{"href":"https:\/\/rennsport-fotos.de\/index.php?rest_route=\/wp\/v2\/pages"}],"about":[{"href":"https:\/\/rennsport-fotos.de\/index.php?rest_route=\/wp\/v2\/types\/page"}],"author":[{"embeddable":true,"href":"https:\/\/rennsport-fotos.de\/index.php?rest_route=\/wp\/v2\/users\/1"}],"replies":[{"embeddable":true,"href":"https:\/\/rennsport-fotos.de\/index.php?rest_route=%2Fwp%2Fv2%2Fcomments&post=519"}],"version-history":[{"count":35,"href":"https:\/\/rennsport-fotos.de\/index.php?rest_route=\/wp\/v2\/pages\/519\/revisions"}],"predecessor-version":[{"id":1147,"href":"https:\/\/rennsport-fotos.de\/index.php?rest_route=\/wp\/v2\/pages\/519\/revisions\/1147"}],"wp:attachment":[{"href":"https:\/\/rennsport-fotos.de\/index.php?rest_route=%2Fwp%2Fv2%2Fmedia&parent=519"}],"curies":[{"name":"wp","href":"https:\/\/api.w.org\/{rel}","templated":true}]}}