{"id":711,"date":"2026-03-14T09:29:53","date_gmt":"2026-03-14T09:29:53","guid":{"rendered":"https:\/\/rennsport-fotos.de\/?page_id=711"},"modified":"2026-04-23T18:51:56","modified_gmt":"2026-04-23T18:51:56","slug":"vollgas-rennspass","status":"publish","type":"page","link":"https:\/\/rennsport-fotos.de\/?page_id=711","title":{"rendered":"Vollgas Rennspass &#8211; Vintage Racing Stories"},"content":{"rendered":"\n<figure class=\"wp-block-image size-large\"><img loading=\"lazy\" decoding=\"async\" width=\"1024\" height=\"259\" src=\"https:\/\/rennsport-fotos.de\/wp-content\/uploads\/2026\/04\/2Y6A0980-Pano-2-1024x259.jpg\" alt=\"\" class=\"wp-image-1155\" srcset=\"https:\/\/rennsport-fotos.de\/wp-content\/uploads\/2026\/04\/2Y6A0980-Pano-2-1024x259.jpg 1024w, https:\/\/rennsport-fotos.de\/wp-content\/uploads\/2026\/04\/2Y6A0980-Pano-2-300x76.jpg 300w, https:\/\/rennsport-fotos.de\/wp-content\/uploads\/2026\/04\/2Y6A0980-Pano-2-768x194.jpg 768w, https:\/\/rennsport-fotos.de\/wp-content\/uploads\/2026\/04\/2Y6A0980-Pano-2.jpg 1200w\" sizes=\"auto, (max-width: 767px) 89vw, (max-width: 1000px) 54vw, (max-width: 1071px) 543px, 580px\" \/><\/figure>\n\n\n\n<h3 class=\"wp-block-heading\"><p data-start=\"1715\" data-end=\"1761\" style=\"caret-color: rgb(0, 0, 0); color: rgb(0, 0, 0); white-space: normal;\"><\/p>Steilkurven im Beton-Oval, donnernde Motoren und eine Stimmung, die man so schnell nicht vergisst \u2013 das war Vollgas Rennspass. F\u00fcr mich war es \u00fcber viele Jahre hinweg der H\u00f6hepunkt der Saison.Wer einmal dabei war, wird dieses Erlebnis nicht vergessen. Wo bekommt man heute noch eine alte Indian oder einen Vorkriegs-Boardtrack-Racer zu sehen? Normalerweise im Museum. Doch Vollgas Rennspass war mehr als das \u2013 es war ein rollendes Museum. Keine einzelnen Exponate, sondern ganze Gruppen dieser Rarit\u00e4ten, die gemeinsam auf die Strecke gingen \u2013 live und in Bewegung.Die 50er Jahre schienen wieder aufzuleben, wenn die Maschinen aus der Nachkriegszeit ihre Runden im Diatest Velodrom in Darmstadt drehten. Und wenn Mopeds und Mofas auf die Strecke kamen, f\u00fchlten sich viele zur\u00fcckversetzt in die eigene Jugend: das erste Mofa, das erste Moped \u2013 der Beginn von Freiheit und Selbstst\u00e4ndigkeit.Schon damals teilte sich die Zweiradwelt in zwei Lager: Motorrad oder Roller. Beim Vollgas Rennspass spielte das keine Rolle mehr. Hier traf beides auf Augenh\u00f6he zusammen \u2013 eine kleine, sp\u00e4te Form der Wiedervereinigung auf zwei R\u00e4dern.Auch die Rollerfahrer waren zahlreich vertreten. Zwischen all den Maschinen fanden sich immer wieder echte Rarit\u00e4ten, darunter auch viele Velosolex. In den 60er Jahren eine g\u00fcnstige Form der Mobilit\u00e4t, steht sie heute f\u00fcr Entschleunigung und pure Nostalgie.Der H\u00f6hepunkt jeder Veranstaltung war jedoch die Klasse der Boardtrack-Racer. Nicht nur auf der Strecke, sondern schon vor dem Start lag eine besondere Spannung in der Luft. Wenn die Maschinen schlie\u00dflich im Oval unterwegs waren, tobten die Zuschauer.Unvergessen bleibt f\u00fcr mich auch der Auftritt von Paul Valkenet aus den Niederlanden, der mit seiner Lurquin et Coudert von 1904 eindrucksvoll seine Runden drehte. Momente wie diese begreift man oft erst dann wirklich, wenn sie vorbei sind.Heute ist Vollgas Rennspass Geschichte. Umso dankbarer bin ich, dass ich \u00fcber viele Jahre Teil davon sein durfte. In meinen Bildern und in den Erinnerungen lebt diese besondere Veranstaltung weiter.<br><br>Legends never die. <br>They stay alive forever.<br><br>A tribute to <a href=\"https:\/\/www.vollgas-rennspass.de\/\">Vollgas-Rennspass:<\/a><br><br><\/h3>\n\n\n\n<figure class=\"wp-block-image size-full\"><img loading=\"lazy\" decoding=\"async\" width=\"1000\" height=\"666\" src=\"https:\/\/rennsport-fotos.de\/wp-content\/uploads\/2026\/03\/IMG_0287-3.jpeg\" alt=\"\" class=\"wp-image-738\" srcset=\"https:\/\/rennsport-fotos.de\/wp-content\/uploads\/2026\/03\/IMG_0287-3.jpeg 1000w, https:\/\/rennsport-fotos.de\/wp-content\/uploads\/2026\/03\/IMG_0287-3-300x200.jpeg 300w, https:\/\/rennsport-fotos.de\/wp-content\/uploads\/2026\/03\/IMG_0287-3-768x511.jpeg 768w\" sizes=\"auto, (max-width: 767px) 89vw, (max-width: 1000px) 54vw, (max-width: 1071px) 543px, 580px\" \/><\/figure>\n\n\n\n<p>A world of vintage machines<\/p>\n\n\n\n<figure class=\"wp-block-image size-full\"><img loading=\"lazy\" decoding=\"async\" width=\"1000\" height=\"666\" src=\"https:\/\/rennsport-fotos.de\/wp-content\/uploads\/2026\/03\/IMG_2292.jpeg\" alt=\"\" class=\"wp-image-740\" srcset=\"https:\/\/rennsport-fotos.de\/wp-content\/uploads\/2026\/03\/IMG_2292.jpeg 1000w, https:\/\/rennsport-fotos.de\/wp-content\/uploads\/2026\/03\/IMG_2292-300x200.jpeg 300w, https:\/\/rennsport-fotos.de\/wp-content\/uploads\/2026\/03\/IMG_2292-768x511.jpeg 768w\" sizes=\"auto, (max-width: 767px) 89vw, (max-width: 1000px) 54vw, (max-width: 1071px) 543px, 580px\" \/><\/figure>\n\n\n\n<p>Racing through time<\/p>\n\n\n\n<figure class=\"wp-block-image size-full\"><img loading=\"lazy\" decoding=\"async\" width=\"1200\" height=\"748\" src=\"https:\/\/rennsport-fotos.de\/wp-content\/uploads\/2026\/04\/2Y6A3974-1.jpg\" alt=\"\" class=\"wp-image-1141\" srcset=\"https:\/\/rennsport-fotos.de\/wp-content\/uploads\/2026\/04\/2Y6A3974-1.jpg 1200w, https:\/\/rennsport-fotos.de\/wp-content\/uploads\/2026\/04\/2Y6A3974-1-300x187.jpg 300w, https:\/\/rennsport-fotos.de\/wp-content\/uploads\/2026\/04\/2Y6A3974-1-1024x638.jpg 1024w, https:\/\/rennsport-fotos.de\/wp-content\/uploads\/2026\/04\/2Y6A3974-1-768x479.jpg 768w\" sizes=\"auto, (max-width: 767px) 89vw, (max-width: 1000px) 54vw, (max-width: 1071px) 543px, 580px\" \/><\/figure>\n\n\n\n<p>The start<\/p>\n\n\n\n<figure class=\"wp-block-image size-full\"><img loading=\"lazy\" decoding=\"async\" width=\"900\" height=\"1200\" src=\"https:\/\/rennsport-fotos.de\/wp-content\/uploads\/2026\/04\/2Y6A6737-1.jpg\" alt=\"\" class=\"wp-image-1143\" srcset=\"https:\/\/rennsport-fotos.de\/wp-content\/uploads\/2026\/04\/2Y6A6737-1.jpg 900w, https:\/\/rennsport-fotos.de\/wp-content\/uploads\/2026\/04\/2Y6A6737-1-225x300.jpg 225w, https:\/\/rennsport-fotos.de\/wp-content\/uploads\/2026\/04\/2Y6A6737-1-768x1024.jpg 768w\" sizes=\"auto, (max-width: 767px) 89vw, (max-width: 1000px) 54vw, (max-width: 1071px) 543px, 580px\" \/><\/figure>\n\n\n\n<p>A living legend<\/p>\n\n\n\n<figure class=\"wp-block-image size-full\"><img loading=\"lazy\" decoding=\"async\" width=\"1000\" height=\"666\" src=\"https:\/\/rennsport-fotos.de\/wp-content\/uploads\/2026\/03\/IMG_1400-2-2.jpeg\" alt=\"\" class=\"wp-image-745\" srcset=\"https:\/\/rennsport-fotos.de\/wp-content\/uploads\/2026\/03\/IMG_1400-2-2.jpeg 1000w, https:\/\/rennsport-fotos.de\/wp-content\/uploads\/2026\/03\/IMG_1400-2-2-300x200.jpeg 300w, https:\/\/rennsport-fotos.de\/wp-content\/uploads\/2026\/03\/IMG_1400-2-2-768x511.jpeg 768w\" sizes=\"auto, (max-width: 767px) 89vw, (max-width: 1000px) 54vw, (max-width: 1071px) 543px, 580px\" \/><\/figure>\n\n\n\n<p>200 years of passion<\/p>\n\n\n\n<figure class=\"wp-block-image size-full\"><img loading=\"lazy\" decoding=\"async\" width=\"1000\" height=\"666\" src=\"https:\/\/rennsport-fotos.de\/wp-content\/uploads\/2026\/03\/IMG_2345-4.jpeg\" alt=\"\" class=\"wp-image-746\" srcset=\"https:\/\/rennsport-fotos.de\/wp-content\/uploads\/2026\/03\/IMG_2345-4.jpeg 1000w, https:\/\/rennsport-fotos.de\/wp-content\/uploads\/2026\/03\/IMG_2345-4-300x200.jpeg 300w, https:\/\/rennsport-fotos.de\/wp-content\/uploads\/2026\/03\/IMG_2345-4-768x511.jpeg 768w\" sizes=\"auto, (max-width: 767px) 89vw, (max-width: 1000px) 54vw, (max-width: 1071px) 543px, 580px\" \/><\/figure>\n\n\n\n<p>The last lap<\/p>\n\n\n\n<p><br>Mehr Fotos gibt es hier im Portfolio: <a href=\"https:\/\/rennsport-fotos.de\/?page_id=1105\" data-type=\"page\" data-id=\"387\" target=\"_blank\" rel=\"noreferrer noopener\">Vollgas-Rennspass<\/a><br><\/p>\n\n\n\n<h2 class=\"wp-block-heading has-large-font-size\"><\/h2>\n\n\n\n<p><\/p>\n","protected":false},"excerpt":{"rendered":"<p>Steilkurven im Beton-Oval, donnernde Motoren und eine Stimmung, die man so schnell nicht vergisst \u2013 das war Vollgas Rennspass. F\u00fcr mich war es \u00fcber viele Jahre hinweg der H\u00f6hepunkt der Saison.Wer einmal dabei war, wird dieses Erlebnis nicht vergessen. Wo bekommt man heute noch eine alte Indian oder einen Vorkriegs-Boardtrack-Racer zu sehen? Normalerweise im Museum. &hellip; <\/p>\n<p class=\"link-more\"><a href=\"https:\/\/rennsport-fotos.de\/?page_id=711\" class=\"more-link\"><span class=\"screen-reader-text\">\u201eVollgas Rennspass &#8211; Vintage Racing Stories\u201c <\/span>weiterlesen<\/a><\/p>\n","protected":false},"author":1,"featured_media":0,"parent":0,"menu_order":0,"comment_status":"closed","ping_status":"closed","template":"","meta":{"footnotes":""},"class_list":["post-711","page","type-page","status-publish","hentry"],"_links":{"self":[{"href":"https:\/\/rennsport-fotos.de\/index.php?rest_route=\/wp\/v2\/pages\/711","targetHints":{"allow":["GET"]}}],"collection":[{"href":"https:\/\/rennsport-fotos.de\/index.php?rest_route=\/wp\/v2\/pages"}],"about":[{"href":"https:\/\/rennsport-fotos.de\/index.php?rest_route=\/wp\/v2\/types\/page"}],"author":[{"embeddable":true,"href":"https:\/\/rennsport-fotos.de\/index.php?rest_route=\/wp\/v2\/users\/1"}],"replies":[{"embeddable":true,"href":"https:\/\/rennsport-fotos.de\/index.php?rest_route=%2Fwp%2Fv2%2Fcomments&post=711"}],"version-history":[{"count":41,"href":"https:\/\/rennsport-fotos.de\/index.php?rest_route=\/wp\/v2\/pages\/711\/revisions"}],"predecessor-version":[{"id":1165,"href":"https:\/\/rennsport-fotos.de\/index.php?rest_route=\/wp\/v2\/pages\/711\/revisions\/1165"}],"wp:attachment":[{"href":"https:\/\/rennsport-fotos.de\/index.php?rest_route=%2Fwp%2Fv2%2Fmedia&parent=711"}],"curies":[{"name":"wp","href":"https:\/\/api.w.org\/{rel}","templated":true}]}}